{"id":33,"date":"2024-01-03T09:40:51","date_gmt":"2024-01-03T09:40:51","guid":{"rendered":"http:\/\/kmyazilim.com\/?page_id=33"},"modified":"2024-01-03T09:40:51","modified_gmt":"2024-01-03T09:40:51","slug":"ana-sayfa","status":"publish","type":"page","link":"http:\/\/kmyazilim.com\/","title":{"rendered":"Ana sayfa"},"content":{"rendered":"\n<p>Sitenize ho\u015f geldiniz! Bu sizin ana sayfan\u0131z, ki ziyaret\u00e7ilerinizin \u00e7o\u011fu sitenize geldi\u011finde ilk olarak bu sayfay\u0131 g\u00f6r\u00fcnt\u00fclerler.<\/p>\n","protected":false},"excerpt":{"rendered":"<p>Sitenize ho\u015f geldiniz! Bu sizin ana sayfan\u0131z, ki ziyaret\u00e7ilerinizin \u00e7o\u011fu sitenize geldi\u011finde ilk olarak bu sayfay\u0131 g\u00f6r\u00fcnt\u00fclerler.<\/p>\n","protected":false},"author":1,"featured_media":0,"parent":0,"menu_order":0,"comment_status":"closed","ping_status":"closed","template":"","meta":{"footnotes":""},"class_list":["post-33","page","type-page","status-publish","hentry"],"yoast_head":"<!-- This site is optimized with the Yoast SEO plugin v20.7 - https:\/\/yoast.com\/wordpress\/plugins\/seo\/ -->\n<title>Ana sayfa - KM Yaz\u0131l\u0131m<\/title>\n<meta name=\"robots\" content=\"index, follow, max-snippet:-1, max-image-preview:large, max-video-preview:-1\" \/>\n<link rel=\"canonical\" href=\"http:\/\/kmyazilim.com\/\" \/>\n<meta property=\"og:locale\" content=\"tr_TR\" \/>\n<meta property=\"og:type\" content=\"article\" \/>\n<meta property=\"og:title\" content=\"Ana sayfa - KM Yaz\u0131l\u0131m\" \/>\n<meta property=\"og:description\" content=\"Sitenize ho\u015f geldiniz! Bu sizin ana sayfan\u0131z, ki ziyaret\u00e7ilerinizin \u00e7o\u011fu sitenize geldi\u011finde ilk olarak bu sayfay\u0131 g\u00f6r\u00fcnt\u00fclerler.\" \/>\n<meta property=\"og:url\" content=\"http:\/\/kmyazilim.com\/\" \/>\n<meta property=\"og:site_name\" content=\"KM Yaz\u0131l\u0131m\" \/>\n<meta name=\"twitter:card\" content=\"summary_large_image\" \/>\n<script type=\"application\/ld+json\" class=\"yoast-schema-graph\">{\"@context\":\"https:\/\/schema.org\",\"@graph\":[{\"@type\":\"WebPage\",\"@id\":\"http:\/\/kmyazilim.com\/\",\"url\":\"http:\/\/kmyazilim.com\/\",\"name\":\"Ana sayfa - KM Yaz\u0131l\u0131m\",\"isPartOf\":{\"@id\":\"http:\/\/kmyazilim.com\/#website\"},\"datePublished\":\"2024-01-03T09:40:51+00:00\",\"dateModified\":\"2024-01-03T09:40:51+00:00\",\"breadcrumb\":{\"@id\":\"http:\/\/kmyazilim.com\/#breadcrumb\"},\"inLanguage\":\"tr\",\"potentialAction\":[{\"@type\":\"ReadAction\",\"target\":[\"http:\/\/kmyazilim.com\/\"]}]},{\"@type\":\"BreadcrumbList\",\"@id\":\"http:\/\/kmyazilim.com\/#breadcrumb\",\"itemListElement\":[{\"@type\":\"ListItem\",\"position\":1,\"name\":\"Anasayfa\",\"item\":\"http:\/\/kmyazilim.com\/\"},{\"@type\":\"ListItem\",\"position\":2,\"name\":\"Ana sayfa\"}]},{\"@type\":\"WebSite\",\"@id\":\"http:\/\/kmyazilim.com\/#website\",\"url\":\"http:\/\/kmyazilim.com\/\",\"name\":\"KM Yaz\u0131l\u0131m\",\"description\":\"Etkin Yaz\u0131l\u0131m \u00c7\u00f6z\u00fcmleri\",\"potentialAction\":[{\"@type\":\"SearchAction\",\"target\":{\"@type\":\"EntryPoint\",\"urlTemplate\":\"http:\/\/kmyazilim.com\/?s={search_term_string}\"},\"query-input\":\"required name=search_term_string\"}],\"inLanguage\":\"tr\"}]}<\/script>\n<!-- \/ Yoast SEO plugin. -->","yoast_head_json":{"title":"Ana sayfa - KM Yaz\u0131l\u0131m","robots":{"index":"index","follow":"follow","max-snippet":"max-snippet:-1","max-image-preview":"max-image-preview:large","max-video-preview":"max-video-preview:-1"},"canonical":"http:\/\/kmyazilim.com\/","og_locale":"tr_TR","og_type":"article","og_title":"Ana sayfa - KM Yaz\u0131l\u0131m","og_description":"Sitenize ho\u015f geldiniz! Bu sizin ana sayfan\u0131z, ki ziyaret\u00e7ilerinizin \u00e7o\u011fu sitenize geldi\u011finde ilk olarak bu sayfay\u0131 g\u00f6r\u00fcnt\u00fclerler.","og_url":"http:\/\/kmyazilim.com\/","og_site_name":"KM Yaz\u0131l\u0131m","twitter_card":"summary_large_image","schema":{"@context":"https:\/\/schema.org","@graph":[{"@type":"WebPage","@id":"http:\/\/kmyazilim.com\/","url":"http:\/\/kmyazilim.com\/","name":"Ana sayfa - KM Yaz\u0131l\u0131m","isPartOf":{"@id":"http:\/\/kmyazilim.com\/#website"},"datePublished":"2024-01-03T09:40:51+00:00","dateModified":"2024-01-03T09:40:51+00:00","breadcrumb":{"@id":"http:\/\/kmyazilim.com\/#breadcrumb"},"inLanguage":"tr","potentialAction":[{"@type":"ReadAction","target":["http:\/\/kmyazilim.com\/"]}]},{"@type":"BreadcrumbList","@id":"http:\/\/kmyazilim.com\/#breadcrumb","itemListElement":[{"@type":"ListItem","position":1,"name":"Anasayfa","item":"http:\/\/kmyazilim.com\/"},{"@type":"ListItem","position":2,"name":"Ana sayfa"}]},{"@type":"WebSite","@id":"http:\/\/kmyazilim.com\/#website","url":"http:\/\/kmyazilim.com\/","name":"KM Yaz\u0131l\u0131m","description":"Etkin Yaz\u0131l\u0131m \u00c7\u00f6z\u00fcmleri","potentialAction":[{"@type":"SearchAction","target":{"@type":"EntryPoint","urlTemplate":"http:\/\/kmyazilim.com\/?s={search_term_string}"},"query-input":"required name=search_term_string"}],"inLanguage":"tr"}]}},"_links":{"self":[{"href":"http:\/\/kmyazilim.com\/index.php\/wp-json\/wp\/v2\/pages\/33","targetHints":{"allow":["GET"]}}],"collection":[{"href":"http:\/\/kmyazilim.com\/index.php\/wp-json\/wp\/v2\/pages"}],"about":[{"href":"http:\/\/kmyazilim.com\/index.php\/wp-json\/wp\/v2\/types\/page"}],"author":[{"embeddable":true,"href":"http:\/\/kmyazilim.com\/index.php\/wp-json\/wp\/v2\/users\/1"}],"replies":[{"embeddable":true,"href":"http:\/\/kmyazilim.com\/index.php\/wp-json\/wp\/v2\/comments?post=33"}],"version-history":[{"count":2,"href":"http:\/\/kmyazilim.com\/index.php\/wp-json\/wp\/v2\/pages\/33\/revisions"}],"predecessor-version":[{"id":45,"href":"http:\/\/kmyazilim.com\/index.php\/wp-json\/wp\/v2\/pages\/33\/revisions\/45"}],"wp:attachment":[{"href":"http:\/\/kmyazilim.com\/index.php\/wp-json\/wp\/v2\/media?parent=33"}],"curies":[{"name":"wp","href":"https:\/\/api.w.org\/{rel}","templated":true}]}}