{"id":49,"date":"2024-01-03T10:00:23","date_gmt":"2024-01-03T10:00:23","guid":{"rendered":"http:\/\/kmyazilim.com\/?page_id=49"},"modified":"2024-01-03T10:40:47","modified_gmt":"2024-01-03T10:40:47","slug":"hakkimizda","status":"publish","type":"page","link":"http:\/\/kmyazilim.com\/index.php\/hakkimizda\/","title":{"rendered":"Hakk\u0131m\u0131zda"},"content":{"rendered":"\n<div class=\"wp-block-group has-background-alt-background-color has-background is-layout-constrained wp-container-core-group-is-layout-07bd9d5c wp-block-group-is-layout-constrained\" style=\"padding-top:120px;padding-right:var(--wp--preset--spacing--50);padding-bottom:120px;padding-left:var(--wp--preset--spacing--50)\">\n<div class=\"wp-block-columns are-vertically-aligned-center is-layout-flex wp-container-core-columns-is-layout-c2d6fa21 wp-block-columns-is-layout-flex\">\n<div class=\"wp-block-column is-vertically-aligned-center is-layout-flow wp-block-column-is-layout-flow\" style=\"flex-basis:55%\">\n<h5 class=\"wp-block-heading blockpage-subheader has-primary-color has-text-color has-normal-font-size\" style=\"font-style:normal;font-weight:500\">Hakk\u0131m\u0131zda<\/h5>\n\n\n\n<h1 class=\"wp-block-heading\" style=\"font-style:normal;font-weight:500\">Biz Kimiz?<\/h1>\n\n\n\n<p class=\"has-normal-font-size\" style=\"line-height:1.5\">Lorem ipsum dolor sit amet, consectetur adipiscing elit, sed do eiusmod tempor incididunt ut labore et dolore magna aliqua. Ut enim ad minim veniam, quis nostrud exercitation ullamco laboris nisi ut aliquip ex ea commodo consequat.<\/p>\n\n\n\n<p class=\"has-normal-font-size\">Lorem ipsum dolor sit amet, consectetur adipiscing elit, sed do eiusmod tempor incididunt ut labore et dolore magna aliqua. Ut enim ad minim veniam, quis nostrud exercitation ullamco laboris nisi ut aliquip ex ea commodo consequat.<\/p>\n<\/div>\n\n\n\n<div class=\"wp-block-column is-vertically-aligned-center is-layout-flow wp-block-column-is-layout-flow\" style=\"padding-right:0;padding-left:0;flex-basis:45%\">\n<figure class=\"wp-block-gallery has-nested-images columns-default is-cropped wp-block-gallery-1 is-layout-flex wp-block-gallery-is-layout-flex\">\n<figure class=\"wp-block-image size-large\"><img loading=\"lazy\" decoding=\"async\" width=\"1024\" height=\"807\" data-id=\"63\" src=\"http:\/\/kmyazilim.com\/wp-content\/uploads\/2024\/01\/aboutus-1024x807.jpg\" alt=\"\" class=\"wp-image-63\" srcset=\"http:\/\/kmyazilim.com\/wp-content\/uploads\/2024\/01\/aboutus-1024x807.jpg 1024w, http:\/\/kmyazilim.com\/wp-content\/uploads\/2024\/01\/aboutus-300x236.jpg 300w, http:\/\/kmyazilim.com\/wp-content\/uploads\/2024\/01\/aboutus-768x605.jpg 768w, http:\/\/kmyazilim.com\/wp-content\/uploads\/2024\/01\/aboutus-1536x1210.jpg 1536w, http:\/\/kmyazilim.com\/wp-content\/uploads\/2024\/01\/aboutus-2048x1614.jpg 2048w\" sizes=\"auto, (max-width: 1024px) 100vw, 1024px\" \/><\/figure>\n<\/figure>\n<\/div>\n<\/div>\n<\/div>\n","protected":false},"excerpt":{"rendered":"<p>Hakk\u0131m\u0131zda Biz Kimiz? Lorem ipsum dolor sit amet, consectetur adipiscing elit, sed do eiusmod tempor incididunt ut labore et dolore magna aliqua. Ut enim ad minim veniam, quis nostrud&#8230;<\/p>\n","protected":false},"author":1,"featured_media":0,"parent":0,"menu_order":0,"comment_status":"closed","ping_status":"closed","template":"","meta":{"footnotes":""},"class_list":["post-49","page","type-page","status-publish","hentry"],"yoast_head":"<!-- This site is optimized with the Yoast SEO plugin v20.7 - https:\/\/yoast.com\/wordpress\/plugins\/seo\/ -->\n<title>Hakk\u0131m\u0131zda - KM Yaz\u0131l\u0131m<\/title>\n<meta name=\"robots\" content=\"index, follow, max-snippet:-1, max-image-preview:large, max-video-preview:-1\" \/>\n<link rel=\"canonical\" href=\"http:\/\/kmyazilim.com\/index.php\/hakkimizda\/\" \/>\n<meta property=\"og:locale\" content=\"tr_TR\" \/>\n<meta property=\"og:type\" content=\"article\" \/>\n<meta property=\"og:title\" content=\"Hakk\u0131m\u0131zda - KM Yaz\u0131l\u0131m\" \/>\n<meta property=\"og:description\" content=\"Hakk\u0131m\u0131zda Biz Kimiz? Lorem ipsum dolor sit amet, consectetur adipiscing elit, sed do eiusmod tempor incididunt ut labore et dolore magna aliqua. Ut enim ad minim veniam, quis nostrud...\" \/>\n<meta property=\"og:url\" content=\"http:\/\/kmyazilim.com\/index.php\/hakkimizda\/\" \/>\n<meta property=\"og:site_name\" content=\"KM Yaz\u0131l\u0131m\" \/>\n<meta property=\"article:modified_time\" content=\"2024-01-03T10:40:47+00:00\" \/>\n<meta property=\"og:image\" content=\"http:\/\/kmyazilim.com\/wp-content\/uploads\/2024\/01\/aboutus-1024x807.jpg\" \/>\n<meta name=\"twitter:card\" content=\"summary_large_image\" \/>\n<meta name=\"twitter:label1\" content=\"Tahmini okuma s\u00fcresi\" \/>\n\t<meta name=\"twitter:data1\" content=\"1 dakika\" \/>\n<script type=\"application\/ld+json\" class=\"yoast-schema-graph\">{\"@context\":\"https:\/\/schema.org\",\"@graph\":[{\"@type\":\"WebPage\",\"@id\":\"http:\/\/kmyazilim.com\/index.php\/hakkimizda\/\",\"url\":\"http:\/\/kmyazilim.com\/index.php\/hakkimizda\/\",\"name\":\"Hakk\u0131m\u0131zda - KM Yaz\u0131l\u0131m\",\"isPartOf\":{\"@id\":\"http:\/\/kmyazilim.com\/#website\"},\"datePublished\":\"2024-01-03T10:00:23+00:00\",\"dateModified\":\"2024-01-03T10:40:47+00:00\",\"breadcrumb\":{\"@id\":\"http:\/\/kmyazilim.com\/index.php\/hakkimizda\/#breadcrumb\"},\"inLanguage\":\"tr\",\"potentialAction\":[{\"@type\":\"ReadAction\",\"target\":[\"http:\/\/kmyazilim.com\/index.php\/hakkimizda\/\"]}]},{\"@type\":\"BreadcrumbList\",\"@id\":\"http:\/\/kmyazilim.com\/index.php\/hakkimizda\/#breadcrumb\",\"itemListElement\":[{\"@type\":\"ListItem\",\"position\":1,\"name\":\"Anasayfa\",\"item\":\"http:\/\/kmyazilim.com\/\"},{\"@type\":\"ListItem\",\"position\":2,\"name\":\"Hakk\u0131m\u0131zda\"}]},{\"@type\":\"WebSite\",\"@id\":\"http:\/\/kmyazilim.com\/#website\",\"url\":\"http:\/\/kmyazilim.com\/\",\"name\":\"KM Yaz\u0131l\u0131m\",\"description\":\"Etkin Yaz\u0131l\u0131m \u00c7\u00f6z\u00fcmleri\",\"potentialAction\":[{\"@type\":\"SearchAction\",\"target\":{\"@type\":\"EntryPoint\",\"urlTemplate\":\"http:\/\/kmyazilim.com\/?s={search_term_string}\"},\"query-input\":\"required name=search_term_string\"}],\"inLanguage\":\"tr\"}]}<\/script>\n<!-- \/ Yoast SEO plugin. -->","yoast_head_json":{"title":"Hakk\u0131m\u0131zda - KM Yaz\u0131l\u0131m","robots":{"index":"index","follow":"follow","max-snippet":"max-snippet:-1","max-image-preview":"max-image-preview:large","max-video-preview":"max-video-preview:-1"},"canonical":"http:\/\/kmyazilim.com\/index.php\/hakkimizda\/","og_locale":"tr_TR","og_type":"article","og_title":"Hakk\u0131m\u0131zda - KM Yaz\u0131l\u0131m","og_description":"Hakk\u0131m\u0131zda Biz Kimiz? Lorem ipsum dolor sit amet, consectetur adipiscing elit, sed do eiusmod tempor incididunt ut labore et dolore magna aliqua. Ut enim ad minim veniam, quis nostrud...","og_url":"http:\/\/kmyazilim.com\/index.php\/hakkimizda\/","og_site_name":"KM Yaz\u0131l\u0131m","article_modified_time":"2024-01-03T10:40:47+00:00","og_image":[{"url":"http:\/\/kmyazilim.com\/wp-content\/uploads\/2024\/01\/aboutus-1024x807.jpg"}],"twitter_card":"summary_large_image","twitter_misc":{"Tahmini okuma s\u00fcresi":"1 dakika"},"schema":{"@context":"https:\/\/schema.org","@graph":[{"@type":"WebPage","@id":"http:\/\/kmyazilim.com\/index.php\/hakkimizda\/","url":"http:\/\/kmyazilim.com\/index.php\/hakkimizda\/","name":"Hakk\u0131m\u0131zda - KM Yaz\u0131l\u0131m","isPartOf":{"@id":"http:\/\/kmyazilim.com\/#website"},"datePublished":"2024-01-03T10:00:23+00:00","dateModified":"2024-01-03T10:40:47+00:00","breadcrumb":{"@id":"http:\/\/kmyazilim.com\/index.php\/hakkimizda\/#breadcrumb"},"inLanguage":"tr","potentialAction":[{"@type":"ReadAction","target":["http:\/\/kmyazilim.com\/index.php\/hakkimizda\/"]}]},{"@type":"BreadcrumbList","@id":"http:\/\/kmyazilim.com\/index.php\/hakkimizda\/#breadcrumb","itemListElement":[{"@type":"ListItem","position":1,"name":"Anasayfa","item":"http:\/\/kmyazilim.com\/"},{"@type":"ListItem","position":2,"name":"Hakk\u0131m\u0131zda"}]},{"@type":"WebSite","@id":"http:\/\/kmyazilim.com\/#website","url":"http:\/\/kmyazilim.com\/","name":"KM Yaz\u0131l\u0131m","description":"Etkin Yaz\u0131l\u0131m \u00c7\u00f6z\u00fcmleri","potentialAction":[{"@type":"SearchAction","target":{"@type":"EntryPoint","urlTemplate":"http:\/\/kmyazilim.com\/?s={search_term_string}"},"query-input":"required name=search_term_string"}],"inLanguage":"tr"}]}},"_links":{"self":[{"href":"http:\/\/kmyazilim.com\/index.php\/wp-json\/wp\/v2\/pages\/49","targetHints":{"allow":["GET"]}}],"collection":[{"href":"http:\/\/kmyazilim.com\/index.php\/wp-json\/wp\/v2\/pages"}],"about":[{"href":"http:\/\/kmyazilim.com\/index.php\/wp-json\/wp\/v2\/types\/page"}],"author":[{"embeddable":true,"href":"http:\/\/kmyazilim.com\/index.php\/wp-json\/wp\/v2\/users\/1"}],"replies":[{"embeddable":true,"href":"http:\/\/kmyazilim.com\/index.php\/wp-json\/wp\/v2\/comments?post=49"}],"version-history":[{"count":3,"href":"http:\/\/kmyazilim.com\/index.php\/wp-json\/wp\/v2\/pages\/49\/revisions"}],"predecessor-version":[{"id":66,"href":"http:\/\/kmyazilim.com\/index.php\/wp-json\/wp\/v2\/pages\/49\/revisions\/66"}],"wp:attachment":[{"href":"http:\/\/kmyazilim.com\/index.php\/wp-json\/wp\/v2\/media?parent=49"}],"curies":[{"name":"wp","href":"https:\/\/api.w.org\/{rel}","templated":true}]}}